{"id":2943,"date":"2025-07-09T09:07:13","date_gmt":"2025-07-09T07:07:13","guid":{"rendered":"https:\/\/www.sieme-weingueter.at\/contact\/"},"modified":"2025-12-04T14:20:00","modified_gmt":"2025-12-04T13:20:00","slug":"contact","status":"publish","type":"page","link":"https:\/\/www.sieme-weingueter.at\/en\/contact\/","title":{"rendered":"Contact"},"content":{"rendered":"\t\t<div data-elementor-type=\"wp-page\" data-elementor-id=\"2943\" class=\"elementor elementor-2943 elementor-306\" data-elementor-post-type=\"page\">\n\t\t\t\t<div data-particle_enable=\"false\" data-particle-mobile-disabled=\"false\" class=\"elementor-element elementor-element-dc97ef5 e-con-full e-flex e-con e-parent\" data-id=\"dc97ef5\" data-element_type=\"container\" data-e-type=\"container\" data-settings=\"{&quot;background_background&quot;:&quot;slideshow&quot;,&quot;background_slideshow_gallery&quot;:[{&quot;id&quot;:2942,&quot;url&quot;:&quot;https:\\\/\\\/www.sieme-weingueter.at\\\/wp-content\\\/uploads\\\/SIEME-2024-KOERBLER-Photo-160.jpg&quot;}],&quot;background_slideshow_slide_duration&quot;:99999,&quot;background_slideshow_transition_duration&quot;:2000,&quot;background_slideshow_ken_burns&quot;:&quot;yes&quot;,&quot;background_slideshow_loop&quot;:&quot;yes&quot;,&quot;background_slideshow_slide_transition&quot;:&quot;fade&quot;,&quot;background_slideshow_ken_burns_zoom_direction&quot;:&quot;in&quot;}\">\n\t\t\t\t<\/div>\n\t\t<div data-particle_enable=\"false\" data-particle-mobile-disabled=\"false\" class=\"elementor-element elementor-element-fb7a2e7 e-con-full e-flex e-con e-parent\" data-id=\"fb7a2e7\" data-element_type=\"container\" data-e-type=\"container\" data-settings=\"{&quot;background_background&quot;:&quot;classic&quot;}\">\n\t\t\t\t<div class=\"elementor-element elementor-element-a084f88 elementor-nav-menu__align-center elementor-nav-menu--dropdown-none elementor-widget elementor-widget-nav-menu\" data-id=\"a084f88\" data-element_type=\"widget\" data-e-type=\"widget\" data-settings=\"{&quot;layout&quot;:&quot;horizontal&quot;,&quot;submenu_icon&quot;:{&quot;value&quot;:&quot;&lt;svg aria-hidden=\\&quot;true\\&quot; class=\\&quot;e-font-icon-svg e-fas-caret-down\\&quot; viewBox=\\&quot;0 0 320 512\\&quot; xmlns=\\&quot;http:\\\/\\\/www.w3.org\\\/2000\\\/svg\\&quot;&gt;&lt;path d=\\&quot;M31.3 192h257.3c17.8 0 26.7 21.5 14.1 34.1L174.1 354.8c-7.8 7.8-20.5 7.8-28.3 0L17.2 226.1C4.6 213.5 13.5 192 31.3 192z\\&quot;&gt;&lt;\\\/path&gt;&lt;\\\/svg&gt;&quot;,&quot;library&quot;:&quot;fa-solid&quot;}}\" data-widget_type=\"nav-menu.default\">\n\t\t\t\t\t\t\t\t<nav aria-label=\"Men\u00fc\" class=\"elementor-nav-menu--main elementor-nav-menu__container elementor-nav-menu--layout-horizontal e--pointer-none\">\n\t\t\t\t<ul id=\"menu-1-a084f88\" class=\"elementor-nav-menu\"><li class=\"menu-item menu-item-type-post_type menu-item-object-page menu-item-107\"><a href=\"https:\/\/www.sieme-weingueter.at\/weingueter\/adam-lieleg\/\" class=\"elementor-item\">Adam-Lieleg<\/a><\/li>\n<li class=\"menu-item menu-item-type-post_type menu-item-object-page menu-item-109\"><a href=\"https:\/\/www.sieme-weingueter.at\/weingueter\/assigal\/\" class=\"elementor-item\">Assigal<\/a><\/li>\n<li class=\"menu-item menu-item-type-post_type menu-item-object-page menu-item-108\"><a href=\"https:\/\/www.sieme-weingueter.at\/weingueter\/dillinger\/\" class=\"elementor-item\">Dillinger<\/a><\/li>\n<li class=\"menu-item menu-item-type-post_type menu-item-object-page menu-item-106\"><a href=\"https:\/\/www.sieme-weingueter.at\/weingueter\/oberer-germuth\/\" class=\"elementor-item\">Oberer Germuth<\/a><\/li>\n<li class=\"menu-item menu-item-type-post_type menu-item-object-page menu-item-111\"><a href=\"https:\/\/www.sieme-weingueter.at\/weingueter\/pichler-schober\/\" class=\"elementor-item\">Pichler-Schober<\/a><\/li>\n<li class=\"menu-item menu-item-type-post_type menu-item-object-page menu-item-105\"><a href=\"https:\/\/www.sieme-weingueter.at\/weingueter\/f-s-regele\/\" class=\"elementor-item\">F.&amp;S. Regele<\/a><\/li>\n<li class=\"menu-item menu-item-type-post_type menu-item-object-page menu-item-110\"><a href=\"https:\/\/www.sieme-weingueter.at\/weingueter\/tschermonegg\/\" class=\"elementor-item\">Tschermonegg<\/a><\/li>\n<\/ul>\t\t\t<\/nav>\n\t\t\t\t\t\t<nav class=\"elementor-nav-menu--dropdown elementor-nav-menu__container\" aria-hidden=\"true\">\n\t\t\t\t<ul id=\"menu-2-a084f88\" class=\"elementor-nav-menu\"><li class=\"menu-item menu-item-type-post_type menu-item-object-page menu-item-107\"><a href=\"https:\/\/www.sieme-weingueter.at\/weingueter\/adam-lieleg\/\" class=\"elementor-item\" tabindex=\"-1\">Adam-Lieleg<\/a><\/li>\n<li class=\"menu-item menu-item-type-post_type menu-item-object-page menu-item-109\"><a href=\"https:\/\/www.sieme-weingueter.at\/weingueter\/assigal\/\" class=\"elementor-item\" tabindex=\"-1\">Assigal<\/a><\/li>\n<li class=\"menu-item menu-item-type-post_type menu-item-object-page menu-item-108\"><a href=\"https:\/\/www.sieme-weingueter.at\/weingueter\/dillinger\/\" class=\"elementor-item\" tabindex=\"-1\">Dillinger<\/a><\/li>\n<li class=\"menu-item menu-item-type-post_type menu-item-object-page menu-item-106\"><a href=\"https:\/\/www.sieme-weingueter.at\/weingueter\/oberer-germuth\/\" class=\"elementor-item\" tabindex=\"-1\">Oberer Germuth<\/a><\/li>\n<li class=\"menu-item menu-item-type-post_type menu-item-object-page menu-item-111\"><a href=\"https:\/\/www.sieme-weingueter.at\/weingueter\/pichler-schober\/\" class=\"elementor-item\" tabindex=\"-1\">Pichler-Schober<\/a><\/li>\n<li class=\"menu-item menu-item-type-post_type menu-item-object-page menu-item-105\"><a href=\"https:\/\/www.sieme-weingueter.at\/weingueter\/f-s-regele\/\" class=\"elementor-item\" tabindex=\"-1\">F.&amp;S. Regele<\/a><\/li>\n<li class=\"menu-item menu-item-type-post_type menu-item-object-page menu-item-110\"><a href=\"https:\/\/www.sieme-weingueter.at\/weingueter\/tschermonegg\/\" class=\"elementor-item\" tabindex=\"-1\">Tschermonegg<\/a><\/li>\n<\/ul>\t\t\t<\/nav>\n\t\t\t\t\t\t<\/div>\n\t\t\t\t<\/div>\n\t\t<div data-particle_enable=\"false\" data-particle-mobile-disabled=\"false\" class=\"elementor-element elementor-element-e08e9bc e-flex e-con-boxed e-con e-parent\" data-id=\"e08e9bc\" data-element_type=\"container\" data-e-type=\"container\" data-settings=\"{&quot;background_background&quot;:&quot;classic&quot;}\">\n\t\t\t\t\t<div class=\"e-con-inner\">\n\t\t<div data-particle_enable=\"false\" data-particle-mobile-disabled=\"false\" class=\"elementor-element elementor-element-9941c3b e-con-full e-flex elementor-invisible e-con e-child\" data-id=\"9941c3b\" data-element_type=\"container\" data-e-type=\"container\" data-settings=\"{&quot;animation&quot;:&quot;fadeInDown&quot;,&quot;animation_delay&quot;:200}\">\n\t\t\t\t<\/div>\n\t\t<div data-particle_enable=\"false\" data-particle-mobile-disabled=\"false\" class=\"elementor-element elementor-element-c2a2eb7 e-con-full e-flex e-con e-child\" data-id=\"c2a2eb7\" data-element_type=\"container\" data-e-type=\"container\">\n\t\t\t\t<\/div>\n\t\t<div data-particle_enable=\"false\" data-particle-mobile-disabled=\"false\" class=\"elementor-element elementor-element-fc9e454 e-con-full e-flex e-con e-child\" data-id=\"fc9e454\" data-element_type=\"container\" data-e-type=\"container\">\n\t\t\t\t<div class=\"elementor-element elementor-element-0eea306 elementor-invisible elementor-widget elementor-widget-heading\" data-id=\"0eea306\" data-element_type=\"widget\" data-e-type=\"widget\" data-settings=\"{&quot;_animation&quot;:&quot;fadeInUp&quot;,&quot;_animation_delay&quot;:200}\" data-widget_type=\"heading.default\">\n\t\t\t\t\t<h1 class=\"elementor-heading-title elementor-size-default\">Contact<\/h1>\t\t\t\t<\/div>\n\t\t\t\t<div class=\"elementor-element elementor-element-bf1d8e9 elementor-invisible elementor-widget elementor-widget-text-editor\" data-id=\"bf1d8e9\" data-element_type=\"widget\" data-e-type=\"widget\" data-settings=\"{&quot;_animation&quot;:&quot;fadeInUp&quot;,&quot;_animation_delay&quot;:300}\" data-widget_type=\"text-editor.default\">\n\t\t\t\t\t\t\t\t\t<h2>Verein SIEME Weingueter<\/h2><p>Glanzer Kellerstra\u00dfe 34<br>A-8463 Leutschach an der Weinstra\u00dfe<br>VAT ID: ATU71867704<br>ZVR number: 192192129<\/p>\t\t\t\t\t\t\t\t<\/div>\n\t\t\t\t<\/div>\n\t\t\t\t\t<\/div>\n\t\t\t\t<\/div>\n\t\t\t\t<\/div>\n\t\t","protected":false},"excerpt":{"rendered":"<p>Contact Verein SIEME Weingueter Glanzer Kellerstra\u00dfe 34A-8463 Leutschach an der Weinstra\u00dfeVAT ID: ATU71867704ZVR number: 192192129<\/p>\n","protected":false},"author":1,"featured_media":0,"parent":0,"menu_order":80,"comment_status":"closed","ping_status":"closed","template":"","meta":{"_acf_changed":false,"slim_seo":{"title":"Contact - SIEME Weing\u00fcter","description":"Contact Verein SIEME Weingueter Glanzer Kellerstra\u00dfe 34 A-8463 Leutschach an der Weinstra\u00dfe VAT ID: ATU71867704 ZVR number: 192192129"},"footnotes":""},"class_list":["post-2943","page","type-page","status-publish","hentry"],"acf":[],"_links":{"self":[{"href":"https:\/\/www.sieme-weingueter.at\/en\/wp-json\/wp\/v2\/pages\/2943","targetHints":{"allow":["GET"]}}],"collection":[{"href":"https:\/\/www.sieme-weingueter.at\/en\/wp-json\/wp\/v2\/pages"}],"about":[{"href":"https:\/\/www.sieme-weingueter.at\/en\/wp-json\/wp\/v2\/types\/page"}],"author":[{"embeddable":true,"href":"https:\/\/www.sieme-weingueter.at\/en\/wp-json\/wp\/v2\/users\/1"}],"replies":[{"embeddable":true,"href":"https:\/\/www.sieme-weingueter.at\/en\/wp-json\/wp\/v2\/comments?post=2943"}],"version-history":[{"count":0,"href":"https:\/\/www.sieme-weingueter.at\/en\/wp-json\/wp\/v2\/pages\/2943\/revisions"}],"wp:attachment":[{"href":"https:\/\/www.sieme-weingueter.at\/en\/wp-json\/wp\/v2\/media?parent=2943"}],"curies":[{"name":"wp","href":"https:\/\/api.w.org\/{rel}","templated":true}]}}