{"id":3060,"date":"2025-07-07T12:19:12","date_gmt":"2025-07-07T10:19:12","guid":{"rendered":"https:\/\/www.sieme-weingueter.at\/7-wineries\/assigal\/"},"modified":"2025-11-28T09:56:33","modified_gmt":"2025-11-28T08:56:33","slug":"assigal","status":"publish","type":"page","link":"https:\/\/www.sieme-weingueter.at\/en\/7-wineries\/assigal\/","title":{"rendered":"Assigal"},"content":{"rendered":"\t\t<div data-elementor-type=\"wp-page\" data-elementor-id=\"3060\" class=\"elementor elementor-3060 elementor-95\" data-elementor-post-type=\"page\">\n\t\t\t\t<div data-particle_enable=\"false\" data-particle-mobile-disabled=\"false\" class=\"elementor-element elementor-element-f1b47e8 e-con-full e-flex e-con e-parent\" data-id=\"f1b47e8\" data-element_type=\"container\" data-e-type=\"container\" data-settings=\"{&quot;background_background&quot;:&quot;slideshow&quot;,&quot;background_slideshow_gallery&quot;:[{&quot;id&quot;:3054,&quot;url&quot;:&quot;https:\\\/\\\/www.sieme-weingueter.at\\\/wp-content\\\/uploads\\\/Imagefotografie\\u00a9MichaelaLorber-26_WEB.jpg&quot;},{&quot;id&quot;:3055,&quot;url&quot;:&quot;https:\\\/\\\/www.sieme-weingueter.at\\\/wp-content\\\/uploads\\\/Imagefotografie\\u00a9MichaelaLorber-26_WEB-1.jpg&quot;}],&quot;background_slideshow_slide_duration&quot;:99999,&quot;background_slideshow_transition_duration&quot;:2000,&quot;background_slideshow_ken_burns&quot;:&quot;yes&quot;,&quot;background_slideshow_loop&quot;:&quot;yes&quot;,&quot;background_slideshow_slide_transition&quot;:&quot;fade&quot;,&quot;background_slideshow_ken_burns_zoom_direction&quot;:&quot;in&quot;}\">\n\t\t\t\t<\/div>\n\t\t<div data-particle_enable=\"false\" data-particle-mobile-disabled=\"false\" class=\"elementor-element elementor-element-913febb e-con-full e-flex e-con e-parent\" data-id=\"913febb\" data-element_type=\"container\" data-e-type=\"container\" data-settings=\"{&quot;background_background&quot;:&quot;classic&quot;}\">\n\t\t\t\t<div class=\"elementor-element elementor-element-6007e89 elementor-widget elementor-widget-heading\" data-id=\"6007e89\" data-element_type=\"widget\" data-e-type=\"widget\" data-widget_type=\"heading.default\">\n\t\t\t\t\t<h2 class=\"elementor-heading-title elementor-size-default\">Assigal<\/h2>\t\t\t\t<\/div>\n\t\t\t\t<\/div>\n\t\t<div data-particle_enable=\"false\" data-particle-mobile-disabled=\"false\" class=\"elementor-element elementor-element-6b163cc e-flex e-con-boxed e-con e-parent\" data-id=\"6b163cc\" data-element_type=\"container\" data-e-type=\"container\" data-settings=\"{&quot;background_background&quot;:&quot;classic&quot;}\">\n\t\t\t\t\t<div class=\"e-con-inner\">\n\t\t<div data-particle_enable=\"false\" data-particle-mobile-disabled=\"false\" class=\"elementor-element elementor-element-0bda041 e-con-full e-flex elementor-invisible e-con e-child\" data-id=\"0bda041\" data-element_type=\"container\" data-e-type=\"container\" data-settings=\"{&quot;animation&quot;:&quot;fadeInDown&quot;,&quot;animation_delay&quot;:200}\">\n\t\t\t\t<\/div>\n\t\t<div data-particle_enable=\"false\" data-particle-mobile-disabled=\"false\" class=\"elementor-element elementor-element-96304de e-con-full e-flex e-con e-child\" data-id=\"96304de\" data-element_type=\"container\" data-e-type=\"container\">\n\t\t\t\t<\/div>\n\t\t<div data-particle_enable=\"false\" data-particle-mobile-disabled=\"false\" class=\"elementor-element elementor-element-ddfdf08 e-con-full e-flex e-con e-child\" data-id=\"ddfdf08\" data-element_type=\"container\" data-e-type=\"container\">\n\t\t\t\t<div class=\"elementor-element elementor-element-ec667b4 elementor-invisible elementor-widget elementor-widget-heading\" data-id=\"ec667b4\" data-element_type=\"widget\" data-e-type=\"widget\" data-settings=\"{&quot;_animation&quot;:&quot;fadeInUp&quot;,&quot;_animation_delay&quot;:200}\" data-widget_type=\"heading.default\">\n\t\t\t\t\t<h1 class=\"elementor-heading-title elementor-size-default\">Winery<\/h1>\t\t\t\t<\/div>\n\t\t\t\t<div class=\"elementor-element elementor-element-076d466 elementor-invisible elementor-widget elementor-widget-heading\" data-id=\"076d466\" data-element_type=\"widget\" data-e-type=\"widget\" data-settings=\"{&quot;_animation&quot;:&quot;fadeInUp&quot;,&quot;_animation_delay&quot;:200}\" data-widget_type=\"heading.default\">\n\t\t\t\t\t<h1 class=\"elementor-heading-title elementor-size-default\">Assigal<\/h1>\t\t\t\t<\/div>\n\t\t\t\t<div class=\"elementor-element elementor-element-55a1ff7 elementor-invisible elementor-widget elementor-widget-text-editor\" data-id=\"55a1ff7\" data-element_type=\"widget\" data-e-type=\"widget\" data-settings=\"{&quot;_animation&quot;:&quot;fadeInUp&quot;,&quot;_animation_delay&quot;:300}\" data-widget_type=\"text-editor.default\">\n\t\t\t\t\t\t\t\t\t<p>Tradition with a fresh finish<\/p>\t\t\t\t\t\t\t\t<\/div>\n\t\t\t\t<div class=\"elementor-element elementor-element-a02e15e elementor-invisible elementor-widget elementor-widget-heading\" data-id=\"a02e15e\" data-element_type=\"widget\" data-e-type=\"widget\" data-settings=\"{&quot;_animation&quot;:&quot;fadeInUp&quot;,&quot;_animation_delay&quot;:400}\" data-widget_type=\"heading.default\">\n\t\t\t\t\t<h4 class=\"elementor-heading-title elementor-size-default\">G\u00f6tterberg, full of character <\/h4>\t\t\t\t<\/div>\n\t\t\t\t<div class=\"elementor-element elementor-element-54e7bd4 elementor-invisible elementor-widget elementor-widget-text-editor\" data-id=\"54e7bd4\" data-element_type=\"widget\" data-e-type=\"widget\" data-settings=\"{&quot;_animation&quot;:&quot;fadeInUp&quot;,&quot;_animation_delay&quot;:400}\" data-widget_type=\"text-editor.default\">\n\t\t\t\t\t\t\t\t\t<p>The G\u00f6tterberg and Kogelberg vineyards tell the stories of the wines \u2013 mineral, fresh, varietally typical. Every slope a chapter, every vine a line.<span class=\"Apple-converted-space\"> <\/span><\/p>\t\t\t\t\t\t\t\t<\/div>\n\t\t\t\t<\/div>\n\t\t\t\t\t<\/div>\n\t\t\t\t<\/div>\n\t\t<div data-particle_enable=\"false\" data-particle-mobile-disabled=\"false\" class=\"elementor-element elementor-element-a4ab6cd e-con-full e-flex e-con e-parent\" data-id=\"a4ab6cd\" data-element_type=\"container\" data-e-type=\"container\" data-settings=\"{&quot;background_background&quot;:&quot;classic&quot;,&quot;background_motion_fx_motion_fx_scrolling&quot;:&quot;yes&quot;,&quot;background_motion_fx_translateY_effect&quot;:&quot;yes&quot;,&quot;background_motion_fx_translateY_speed&quot;:{&quot;unit&quot;:&quot;px&quot;,&quot;size&quot;:6,&quot;sizes&quot;:[]},&quot;background_motion_fx_range&quot;:&quot;page&quot;,&quot;animation&quot;:&quot;none&quot;,&quot;background_motion_fx_translateY_affectedRange&quot;:{&quot;unit&quot;:&quot;%&quot;,&quot;size&quot;:&quot;&quot;,&quot;sizes&quot;:{&quot;start&quot;:0,&quot;end&quot;:100}},&quot;background_motion_fx_devices&quot;:[&quot;widescreen&quot;,&quot;desktop&quot;,&quot;laptop&quot;,&quot;tablet_extra&quot;,&quot;tablet&quot;,&quot;mobile_extra&quot;,&quot;mobile&quot;]}\">\n\t\t\t\t<\/div>\n\t\t<div data-particle_enable=\"false\" data-particle-mobile-disabled=\"false\" class=\"elementor-element elementor-element-2d4e6d8 e-flex e-con-boxed e-con e-parent\" data-id=\"2d4e6d8\" data-element_type=\"container\" data-e-type=\"container\" data-settings=\"{&quot;background_background&quot;:&quot;classic&quot;}\">\n\t\t\t\t\t<div class=\"e-con-inner\">\n\t\t\t\t<div class=\"elementor-element elementor-element-c81dbb5 elementor-widget elementor-widget-heading\" data-id=\"c81dbb5\" data-element_type=\"widget\" data-e-type=\"widget\" data-settings=\"{&quot;_animation_widescreen&quot;:&quot;none&quot;}\" data-widget_type=\"heading.default\">\n\t\t\t\t\t<h4 class=\"elementor-heading-title elementor-size-default\">Family first, wine included <\/h4>\t\t\t\t<\/div>\n\t\t\t\t<div class=\"elementor-element elementor-element-947a90e elementor-widget elementor-widget-text-editor\" data-id=\"947a90e\" data-element_type=\"widget\" data-e-type=\"widget\" data-settings=\"{&quot;_animation_widescreen&quot;:&quot;none&quot;}\" data-widget_type=\"text-editor.default\">\n\t\t\t\t\t\t\t\t\t<p>Whether in the vineyard or in the cellar \u2013 every generation lends a hand here. Winemaking is teamwork, and that&#8217;s exactly what you taste: honest, approachable, family-like.<span class=\"Apple-converted-space\"> <\/span><\/p>\t\t\t\t\t\t\t\t<\/div>\n\t\t\t\t<div class=\"elementor-element elementor-element-da05570 elementor-widget elementor-widget-heading\" data-id=\"da05570\" data-element_type=\"widget\" data-e-type=\"widget\" data-settings=\"{&quot;_animation_widescreen&quot;:&quot;none&quot;}\" data-widget_type=\"heading.default\">\n\t\t\t\t\t<h4 class=\"elementor-heading-title elementor-size-default\">Buschenschank &amp; Sweet Dreams <\/h4>\t\t\t\t<\/div>\n\t\t\t\t<div class=\"elementor-element elementor-element-b379d5f elementor-widget elementor-widget-text-editor\" data-id=\"b379d5f\" data-element_type=\"widget\" data-e-type=\"widget\" data-widget_type=\"text-editor.default\">\n\t\t\t\t\t\t\t\t\t<p>From Brettljause to a glass of Sauvignon \u2013 here, everything Southern Styria has to offer is served. Those who wish to stay longer will find not only relaxation in the guest rooms, but also the best view for the next glass of wine.<\/p>\t\t\t\t\t\t\t\t<\/div>\n\t\t\t\t<div class=\"elementor-element elementor-element-c1e6ff0 elementor-align-center elementor-invisible elementor-widget elementor-widget-global elementor-global-2709 elementor-widget-button\" data-id=\"c1e6ff0\" data-element_type=\"widget\" data-e-type=\"widget\" data-settings=\"{&quot;_animation&quot;:&quot;fadeInUp&quot;,&quot;_animation_delay&quot;:400}\" data-widget_type=\"button.default\">\n\t\t\t\t\t\t\t\t\t\t<a class=\"elementor-button elementor-button-link elementor-size-sm\" href=\"http:\/\/www.assigal.at\">\n\t\t\t\t\t\t<span class=\"elementor-button-content-wrapper\">\n\t\t\t\t\t\t\t\t\t<span class=\"elementor-button-text\">UNSER WEINGUT ENTDECKEN<\/span>\n\t\t\t\t\t<\/span>\n\t\t\t\t\t<\/a>\n\t\t\t\t\t\t\t\t<\/div>\n\t\t\t\t\t<\/div>\n\t\t\t\t<\/div>\n\t\t<div data-particle_enable=\"false\" data-particle-mobile-disabled=\"false\" class=\"elementor-element elementor-element-a752b88 e-flex e-con-boxed e-con e-parent\" data-id=\"a752b88\" data-element_type=\"container\" data-e-type=\"container\" data-settings=\"{&quot;background_background&quot;:&quot;classic&quot;}\">\n\t\t\t\t\t<div class=\"e-con-inner\">\n\t\t\t\t<div class=\"elementor-element elementor-element-25d8f3a elementor-widget elementor-widget-gallery\" data-id=\"25d8f3a\" data-element_type=\"widget\" data-e-type=\"widget\" data-settings=\"{&quot;columns&quot;:3,&quot;columns_tablet&quot;:3,&quot;columns_mobile_extra&quot;:3,&quot;gap&quot;:{&quot;unit&quot;:&quot;px&quot;,&quot;size&quot;:50,&quot;sizes&quot;:[]},&quot;aspect_ratio&quot;:&quot;9:16&quot;,&quot;lazyload&quot;:&quot;yes&quot;,&quot;gallery_layout&quot;:&quot;grid&quot;,&quot;columns_mobile&quot;:1,&quot;gap_widescreen&quot;:{&quot;unit&quot;:&quot;px&quot;,&quot;size&quot;:&quot;&quot;,&quot;sizes&quot;:[]},&quot;gap_laptop&quot;:{&quot;unit&quot;:&quot;px&quot;,&quot;size&quot;:10,&quot;sizes&quot;:[]},&quot;gap_tablet_extra&quot;:{&quot;unit&quot;:&quot;px&quot;,&quot;size&quot;:10,&quot;sizes&quot;:[]},&quot;gap_tablet&quot;:{&quot;unit&quot;:&quot;px&quot;,&quot;size&quot;:10,&quot;sizes&quot;:[]},&quot;gap_mobile_extra&quot;:{&quot;unit&quot;:&quot;px&quot;,&quot;size&quot;:10,&quot;sizes&quot;:[]},&quot;gap_mobile&quot;:{&quot;unit&quot;:&quot;px&quot;,&quot;size&quot;:10,&quot;sizes&quot;:[]},&quot;link_to&quot;:&quot;file&quot;,&quot;overlay_background&quot;:&quot;yes&quot;,&quot;content_hover_animation&quot;:&quot;fade-in&quot;}\" data-widget_type=\"gallery.default\">\n\t\t\t\t\t\t\t<div class=\"elementor-gallery__container\">\n\t\t\t\t\t\t\t<a class=\"e-gallery-item elementor-gallery-item elementor-animated-content\" href=\"https:\/\/www.sieme-weingueter.at\/wp-content\/uploads\/Imagefotografie\u00a9MichaelaLorber-28_WEB.jpg\" data-elementor-open-lightbox=\"yes\" data-elementor-lightbox-slideshow=\"25d8f3a\" data-elementor-lightbox-title=\"Image photography\u00a9MichaelaLorber-28_WEB\" data-e-action-hash=\"#elementor-action%3Aaction%3Dlightbox%26settings%3DeyJpZCI6MzA1NywidXJsIjoiaHR0cHM6XC9cL3d3dy5zaWVtZS13ZWluZ3VldGVyLmF0XC93cC1jb250ZW50XC91cGxvYWRzXC9JbWFnZWZvdG9ncmFmaWVcdTAwYTlNaWNoYWVsYUxvcmJlci0yOF9XRUIuanBnIiwic2xpZGVzaG93IjoiMjVkOGYzYSJ9\">\n\t\t\t\t\t<div class=\"e-gallery-image elementor-gallery-item__image\" data-thumbnail=\"https:\/\/www.sieme-weingueter.at\/wp-content\/uploads\/Imagefotografie\u00a9MichaelaLorber-28_WEB-683x1024.jpg\" data-width=\"683\" data-height=\"1024\" aria-label=\"Image photography\u00a9michaelalorber 28 web\" role=\"img\" ><\/div>\n\t\t\t\t\t\t\t\t\t\t\t<div class=\"elementor-gallery-item__overlay\"><\/div>\n\t\t\t\t\t\t\t\t\t\t\t\t\t\t<\/a>\n\t\t\t\t\t\t\t<a class=\"e-gallery-item elementor-gallery-item elementor-animated-content\" href=\"https:\/\/www.sieme-weingueter.at\/wp-content\/uploads\/Imagefotografie\u00a9MichaelaLorber-111_WEB-e1756815813384.jpg\" data-elementor-open-lightbox=\"yes\" data-elementor-lightbox-slideshow=\"25d8f3a\" data-elementor-lightbox-title=\"Image photography\u00a9MichaelaLorber-111_WEB\" data-e-action-hash=\"#elementor-action%3Aaction%3Dlightbox%26settings%3DeyJpZCI6MzA1OCwidXJsIjoiaHR0cHM6XC9cL3d3dy5zaWVtZS13ZWluZ3VldGVyLmF0XC93cC1jb250ZW50XC91cGxvYWRzXC9JbWFnZWZvdG9ncmFmaWVcdTAwYTlNaWNoYWVsYUxvcmJlci0xMTFfV0VCLWUxNzU2ODE1ODEzMzg0LmpwZyIsInNsaWRlc2hvdyI6IjI1ZDhmM2EifQ%3D%3D\">\n\t\t\t\t\t<div class=\"e-gallery-image elementor-gallery-item__image\" data-thumbnail=\"https:\/\/www.sieme-weingueter.at\/wp-content\/uploads\/Imagefotografie\u00a9MichaelaLorber-111_WEB-e1756815813384-683x1024.jpg\" data-width=\"683\" data-height=\"1024\" aria-label=\"Image photography\u00a9michaelalorber 111 web\" role=\"img\" ><\/div>\n\t\t\t\t\t\t\t\t\t\t\t<div class=\"elementor-gallery-item__overlay\"><\/div>\n\t\t\t\t\t\t\t\t\t\t\t\t\t\t<\/a>\n\t\t\t\t\t\t\t<a class=\"e-gallery-item elementor-gallery-item elementor-animated-content\" href=\"https:\/\/www.sieme-weingueter.at\/wp-content\/uploads\/Familienshooting\u00a9MichaelaLorber-36.jpg\" data-elementor-open-lightbox=\"yes\" data-elementor-lightbox-slideshow=\"25d8f3a\" data-elementor-lightbox-title=\"Family photoshoot\u00a9MichaelaLorber-36\" data-e-action-hash=\"#elementor-action%3Aaction%3Dlightbox%26settings%3DeyJpZCI6MzA1OSwidXJsIjoiaHR0cHM6XC9cL3d3dy5zaWVtZS13ZWluZ3VldGVyLmF0XC93cC1jb250ZW50XC91cGxvYWRzXC9GYW1pbGllbnNob290aW5nXHUwMGE5TWljaGFlbGFMb3JiZXItMzYuanBnIiwic2xpZGVzaG93IjoiMjVkOGYzYSJ9\">\n\t\t\t\t\t<div class=\"e-gallery-image elementor-gallery-item__image\" data-thumbnail=\"https:\/\/www.sieme-weingueter.at\/wp-content\/uploads\/Familienshooting\u00a9MichaelaLorber-36-683x1024.jpg\" data-width=\"683\" data-height=\"1024\" aria-label=\"Family photoshoot\u00a9michaelalorber 36\" role=\"img\" ><\/div>\n\t\t\t\t\t\t\t\t\t\t\t<div class=\"elementor-gallery-item__overlay\"><\/div>\n\t\t\t\t\t\t\t\t\t\t\t\t\t\t<\/a>\n\t\t\t\t\t<\/div>\n\t\t\t\t\t<\/div>\n\t\t\t\t\t<\/div>\n\t\t\t\t<\/div>\n\t\t<div data-particle_enable=\"false\" data-particle-mobile-disabled=\"false\" class=\"elementor-element elementor-element-e09884a e-flex e-con-boxed e-con e-parent\" data-id=\"e09884a\" data-element_type=\"container\" data-e-type=\"container\" data-settings=\"{&quot;background_background&quot;:&quot;classic&quot;}\">\n\t\t\t\t\t<div class=\"e-con-inner\">\n\t\t\t\t<div class=\"elementor-element elementor-element-7e15ce1 elementor-widget elementor-widget-heading\" data-id=\"7e15ce1\" data-element_type=\"widget\" data-e-type=\"widget\" data-settings=\"{&quot;_animation_widescreen&quot;:&quot;none&quot;}\" data-widget_type=\"heading.default\">\n\t\t\t\t\t<h4 class=\"elementor-heading-title elementor-size-default\">Assigal Winery<\/h4>\t\t\t\t<\/div>\n\t\t\t\t<div class=\"elementor-element elementor-element-dc72988 elementor-widget elementor-widget-heading\" data-id=\"dc72988\" data-element_type=\"widget\" data-e-type=\"widget\" data-settings=\"{&quot;_animation_widescreen&quot;:&quot;none&quot;}\" data-widget_type=\"heading.default\">\n\t\t\t\t\t<h4 class=\"elementor-heading-title elementor-size-default\">Karnerweg 3, A-8430 Leibnitz<\/h4>\t\t\t\t<\/div>\n\t\t\t\t<div class=\"elementor-element elementor-element-ad99bc1 elementor-widget elementor-widget-heading\" data-id=\"ad99bc1\" data-element_type=\"widget\" data-e-type=\"widget\" data-settings=\"{&quot;_animation_widescreen&quot;:&quot;none&quot;}\" data-widget_type=\"heading.default\">\n\t\t\t\t\t<h4 class=\"elementor-heading-title elementor-size-default\"><a href=\"mailto:weingut@assigal.at\">weingut@assigal.at\n<\/a><\/h4>\t\t\t\t<\/div>\n\t\t\t\t<div class=\"elementor-element elementor-element-7f8a5c1 elementor-widget elementor-widget-heading\" data-id=\"7f8a5c1\" data-element_type=\"widget\" data-e-type=\"widget\" data-settings=\"{&quot;_animation_widescreen&quot;:&quot;none&quot;}\" data-widget_type=\"heading.default\">\n\t\t\t\t\t<h4 class=\"elementor-heading-title elementor-size-default\"><a href=\"tel:0043345286811\">+43 3452 86 8 11\n<\/a><\/h4>\t\t\t\t<\/div>\n\t\t\t\t<div class=\"elementor-element elementor-element-d360fc0 elementor-widget elementor-widget-heading\" data-id=\"d360fc0\" data-element_type=\"widget\" data-e-type=\"widget\" data-settings=\"{&quot;_animation_widescreen&quot;:&quot;none&quot;}\" data-widget_type=\"heading.default\">\n\t\t\t\t\t<h4 class=\"elementor-heading-title elementor-size-default\"><a href=\"http:\/\/www.assigal.at\" target=\"_blank\">www.assigal.at<\/a><\/h4>\t\t\t\t<\/div>\n\t\t\t\t\t<\/div>\n\t\t\t\t<\/div>\n\t\t<div data-particle_enable=\"false\" data-particle-mobile-disabled=\"false\" class=\"elementor-element elementor-element-f8a61c7 e-flex e-con-boxed e-con e-parent\" data-id=\"f8a61c7\" data-element_type=\"container\" data-e-type=\"container\" data-settings=\"{&quot;background_background&quot;:&quot;classic&quot;}\">\n\t\t\t\t\t<div class=\"e-con-inner\">\n\t\t\t\t\t<\/div>\n\t\t\t\t<\/div>\n\t\t<div data-particle_enable=\"false\" data-particle-mobile-disabled=\"false\" class=\"elementor-element elementor-element-6f43d87 e-con-full e-flex e-con e-parent\" data-id=\"6f43d87\" data-element_type=\"container\" data-e-type=\"container\" data-settings=\"{&quot;background_background&quot;:&quot;classic&quot;}\">\n\t\t\t\t<div class=\"elementor-element elementor-element-3b1d6de elementor-nav-menu__align-center elementor-nav-menu--dropdown-none elementor-widget elementor-widget-nav-menu\" data-id=\"3b1d6de\" data-element_type=\"widget\" data-e-type=\"widget\" data-settings=\"{&quot;layout&quot;:&quot;horizontal&quot;,&quot;submenu_icon&quot;:{&quot;value&quot;:&quot;&lt;svg aria-hidden=\\&quot;true\\&quot; class=\\&quot;e-font-icon-svg e-fas-caret-down\\&quot; viewBox=\\&quot;0 0 320 512\\&quot; xmlns=\\&quot;http:\\\/\\\/www.w3.org\\\/2000\\\/svg\\&quot;&gt;&lt;path d=\\&quot;M31.3 192h257.3c17.8 0 26.7 21.5 14.1 34.1L174.1 354.8c-7.8 7.8-20.5 7.8-28.3 0L17.2 226.1C4.6 213.5 13.5 192 31.3 192z\\&quot;&gt;&lt;\\\/path&gt;&lt;\\\/svg&gt;&quot;,&quot;library&quot;:&quot;fa-solid&quot;}}\" data-widget_type=\"nav-menu.default\">\n\t\t\t\t\t\t\t\t<nav aria-label=\"Men\u00fc\" class=\"elementor-nav-menu--main elementor-nav-menu__container elementor-nav-menu--layout-horizontal e--pointer-none\">\n\t\t\t\t<ul id=\"menu-1-3b1d6de\" class=\"elementor-nav-menu\"><li class=\"menu-item menu-item-type-post_type menu-item-object-page menu-item-107\"><a href=\"https:\/\/www.sieme-weingueter.at\/weingueter\/adam-lieleg\/\" class=\"elementor-item\">Adam-Lieleg<\/a><\/li>\n<li class=\"menu-item menu-item-type-post_type menu-item-object-page menu-item-109\"><a href=\"https:\/\/www.sieme-weingueter.at\/weingueter\/assigal\/\" class=\"elementor-item\">Assigal<\/a><\/li>\n<li class=\"menu-item menu-item-type-post_type menu-item-object-page menu-item-108\"><a href=\"https:\/\/www.sieme-weingueter.at\/weingueter\/dillinger\/\" class=\"elementor-item\">Dillinger<\/a><\/li>\n<li class=\"menu-item menu-item-type-post_type menu-item-object-page menu-item-106\"><a href=\"https:\/\/www.sieme-weingueter.at\/weingueter\/oberer-germuth\/\" class=\"elementor-item\">Oberer Germuth<\/a><\/li>\n<li class=\"menu-item menu-item-type-post_type menu-item-object-page menu-item-111\"><a href=\"https:\/\/www.sieme-weingueter.at\/weingueter\/pichler-schober\/\" class=\"elementor-item\">Pichler-Schober<\/a><\/li>\n<li class=\"menu-item menu-item-type-post_type menu-item-object-page menu-item-105\"><a href=\"https:\/\/www.sieme-weingueter.at\/weingueter\/f-s-regele\/\" class=\"elementor-item\">F.&amp;S. Regele<\/a><\/li>\n<li class=\"menu-item menu-item-type-post_type menu-item-object-page menu-item-110\"><a href=\"https:\/\/www.sieme-weingueter.at\/weingueter\/tschermonegg\/\" class=\"elementor-item\">Tschermonegg<\/a><\/li>\n<\/ul>\t\t\t<\/nav>\n\t\t\t\t\t\t<nav class=\"elementor-nav-menu--dropdown elementor-nav-menu__container\" aria-hidden=\"true\">\n\t\t\t\t<ul id=\"menu-2-3b1d6de\" class=\"elementor-nav-menu\"><li class=\"menu-item menu-item-type-post_type menu-item-object-page menu-item-107\"><a href=\"https:\/\/www.sieme-weingueter.at\/weingueter\/adam-lieleg\/\" class=\"elementor-item\" tabindex=\"-1\">Adam-Lieleg<\/a><\/li>\n<li class=\"menu-item menu-item-type-post_type menu-item-object-page menu-item-109\"><a href=\"https:\/\/www.sieme-weingueter.at\/weingueter\/assigal\/\" class=\"elementor-item\" tabindex=\"-1\">Assigal<\/a><\/li>\n<li class=\"menu-item menu-item-type-post_type menu-item-object-page menu-item-108\"><a href=\"https:\/\/www.sieme-weingueter.at\/weingueter\/dillinger\/\" class=\"elementor-item\" tabindex=\"-1\">Dillinger<\/a><\/li>\n<li class=\"menu-item menu-item-type-post_type menu-item-object-page menu-item-106\"><a href=\"https:\/\/www.sieme-weingueter.at\/weingueter\/oberer-germuth\/\" class=\"elementor-item\" tabindex=\"-1\">Oberer Germuth<\/a><\/li>\n<li class=\"menu-item menu-item-type-post_type menu-item-object-page menu-item-111\"><a href=\"https:\/\/www.sieme-weingueter.at\/weingueter\/pichler-schober\/\" class=\"elementor-item\" tabindex=\"-1\">Pichler-Schober<\/a><\/li>\n<li class=\"menu-item menu-item-type-post_type menu-item-object-page menu-item-105\"><a href=\"https:\/\/www.sieme-weingueter.at\/weingueter\/f-s-regele\/\" class=\"elementor-item\" tabindex=\"-1\">F.&amp;S. Regele<\/a><\/li>\n<li class=\"menu-item menu-item-type-post_type menu-item-object-page menu-item-110\"><a href=\"https:\/\/www.sieme-weingueter.at\/weingueter\/tschermonegg\/\" class=\"elementor-item\" tabindex=\"-1\">Tschermonegg<\/a><\/li>\n<\/ul>\t\t\t<\/nav>\n\t\t\t\t\t\t<\/div>\n\t\t\t\t<\/div>\n\t\t\t\t<\/div>\n\t\t","protected":false},"excerpt":{"rendered":"<p>Winery Tradition with a fresh finish G\u00f6tterberg, full of character The G\u00f6tterberg and Kogelberg vineyards tell the stories of the wines \u2013 mineral, fresh, varietally typical. Every slope a chapter, every vine a line. Family first, wine included Whether in the vineyard or in the cellar \u2013 every generation lends a hand here. Winemaking is [&hellip;]<\/p>\n","protected":false},"author":1,"featured_media":0,"parent":3042,"menu_order":0,"comment_status":"closed","ping_status":"closed","template":"","meta":{"_acf_changed":false,"slim_seo":{"title":"Assigal - SIEME Weing\u00fcter","description":"Winery Tradition with a fresh finish G\u00f6tterberg, full of character The G\u00f6tterberg and Kogelberg vineyards tell the stories of the wines \u2013 mineral, fresh, variet"},"footnotes":""},"class_list":["post-3060","page","type-page","status-publish","hentry"],"acf":[],"_links":{"self":[{"href":"https:\/\/www.sieme-weingueter.at\/en\/wp-json\/wp\/v2\/pages\/3060","targetHints":{"allow":["GET"]}}],"collection":[{"href":"https:\/\/www.sieme-weingueter.at\/en\/wp-json\/wp\/v2\/pages"}],"about":[{"href":"https:\/\/www.sieme-weingueter.at\/en\/wp-json\/wp\/v2\/types\/page"}],"author":[{"embeddable":true,"href":"https:\/\/www.sieme-weingueter.at\/en\/wp-json\/wp\/v2\/users\/1"}],"replies":[{"embeddable":true,"href":"https:\/\/www.sieme-weingueter.at\/en\/wp-json\/wp\/v2\/comments?post=3060"}],"version-history":[{"count":0,"href":"https:\/\/www.sieme-weingueter.at\/en\/wp-json\/wp\/v2\/pages\/3060\/revisions"}],"up":[{"embeddable":true,"href":"https:\/\/www.sieme-weingueter.at\/en\/wp-json\/wp\/v2\/pages\/3042"}],"wp:attachment":[{"href":"https:\/\/www.sieme-weingueter.at\/en\/wp-json\/wp\/v2\/media?parent=3060"}],"curies":[{"name":"wp","href":"https:\/\/api.w.org\/{rel}","templated":true}]}}