{"id":3070,"date":"2025-07-07T12:19:30","date_gmt":"2025-07-07T10:19:30","guid":{"rendered":"https:\/\/www.sieme-weingueter.at\/7-wineries\/dillinger\/"},"modified":"2025-11-28T10:00:18","modified_gmt":"2025-11-28T09:00:18","slug":"dillinger","status":"publish","type":"page","link":"https:\/\/www.sieme-weingueter.at\/en\/7-wineries\/dillinger\/","title":{"rendered":"Dillinger"},"content":{"rendered":"\t\t<div data-elementor-type=\"wp-page\" data-elementor-id=\"3070\" class=\"elementor elementor-3070 elementor-97\" data-elementor-post-type=\"page\">\n\t\t\t\t<div data-particle_enable=\"false\" data-particle-mobile-disabled=\"false\" class=\"elementor-element elementor-element-9b4a523 e-con-full e-flex e-con e-parent\" data-id=\"9b4a523\" data-element_type=\"container\" data-e-type=\"container\" data-settings=\"{&quot;background_background&quot;:&quot;slideshow&quot;,&quot;background_slideshow_gallery&quot;:[{&quot;id&quot;:3065,&quot;url&quot;:&quot;https:\\\/\\\/www.sieme-weingueter.at\\\/wp-content\\\/uploads\\\/Sabathihof-Dillinger-D2-Simon-Fortmueller-112_WEB.jpg&quot;}],&quot;background_slideshow_slide_duration&quot;:99999,&quot;background_slideshow_transition_duration&quot;:2000,&quot;background_slideshow_ken_burns&quot;:&quot;yes&quot;,&quot;background_slideshow_loop&quot;:&quot;yes&quot;,&quot;background_slideshow_slide_transition&quot;:&quot;fade&quot;,&quot;background_slideshow_ken_burns_zoom_direction&quot;:&quot;in&quot;}\">\n\t\t\t\t<\/div>\n\t\t<div data-particle_enable=\"false\" data-particle-mobile-disabled=\"false\" class=\"elementor-element elementor-element-61129ed e-con-full e-flex e-con e-parent\" data-id=\"61129ed\" data-element_type=\"container\" data-e-type=\"container\" data-settings=\"{&quot;background_background&quot;:&quot;classic&quot;}\">\n\t\t\t\t<div class=\"elementor-element elementor-element-f334020 elementor-widget elementor-widget-heading\" data-id=\"f334020\" data-element_type=\"widget\" data-e-type=\"widget\" data-widget_type=\"heading.default\">\n\t\t\t\t\t<h2 class=\"elementor-heading-title elementor-size-default\">Dillinger<\/h2>\t\t\t\t<\/div>\n\t\t\t\t<\/div>\n\t\t<div data-particle_enable=\"false\" data-particle-mobile-disabled=\"false\" class=\"elementor-element elementor-element-8aa1aa9 e-flex e-con-boxed e-con e-parent\" data-id=\"8aa1aa9\" data-element_type=\"container\" data-e-type=\"container\" data-settings=\"{&quot;background_background&quot;:&quot;classic&quot;}\">\n\t\t\t\t\t<div class=\"e-con-inner\">\n\t\t<div data-particle_enable=\"false\" data-particle-mobile-disabled=\"false\" class=\"elementor-element elementor-element-8c636c6 e-con-full e-flex elementor-invisible e-con e-child\" data-id=\"8c636c6\" data-element_type=\"container\" data-e-type=\"container\" data-settings=\"{&quot;animation&quot;:&quot;fadeInDown&quot;,&quot;animation_delay&quot;:200}\">\n\t\t\t\t<\/div>\n\t\t<div data-particle_enable=\"false\" data-particle-mobile-disabled=\"false\" class=\"elementor-element elementor-element-c65b958 e-con-full e-flex e-con e-child\" data-id=\"c65b958\" data-element_type=\"container\" data-e-type=\"container\">\n\t\t\t\t<\/div>\n\t\t<div data-particle_enable=\"false\" data-particle-mobile-disabled=\"false\" class=\"elementor-element elementor-element-21c5d2d e-con-full e-flex e-con e-child\" data-id=\"21c5d2d\" data-element_type=\"container\" data-e-type=\"container\">\n\t\t\t\t<div class=\"elementor-element elementor-element-a708b48 elementor-invisible elementor-widget elementor-widget-heading\" data-id=\"a708b48\" data-element_type=\"widget\" data-e-type=\"widget\" data-settings=\"{&quot;_animation&quot;:&quot;fadeInUp&quot;,&quot;_animation_delay&quot;:200}\" data-widget_type=\"heading.default\">\n\t\t\t\t\t<h1 class=\"elementor-heading-title elementor-size-default\">Winery<\/h1>\t\t\t\t<\/div>\n\t\t\t\t<div class=\"elementor-element elementor-element-75173be elementor-invisible elementor-widget elementor-widget-heading\" data-id=\"75173be\" data-element_type=\"widget\" data-e-type=\"widget\" data-settings=\"{&quot;_animation&quot;:&quot;fadeInUp&quot;,&quot;_animation_delay&quot;:200}\" data-widget_type=\"heading.default\">\n\t\t\t\t\t<h1 class=\"elementor-heading-title elementor-size-default\">Dillinger<\/h1>\t\t\t\t<\/div>\n\t\t\t\t<div class=\"elementor-element elementor-element-a4d4c2e elementor-invisible elementor-widget elementor-widget-text-editor\" data-id=\"a4d4c2e\" data-element_type=\"widget\" data-e-type=\"widget\" data-settings=\"{&quot;_animation&quot;:&quot;fadeInUp&quot;,&quot;_animation_delay&quot;:300}\" data-widget_type=\"text-editor.default\">\n\t\t\t\t\t\t\t\t\t<p>Geschmack mit Klartext<\/p>\t\t\t\t\t\t\t\t<\/div>\n\t\t\t\t<div class=\"elementor-element elementor-element-747cb34 elementor-invisible elementor-widget elementor-widget-text-editor\" data-id=\"747cb34\" data-element_type=\"widget\" data-e-type=\"widget\" data-settings=\"{&quot;_animation&quot;:&quot;fadeInUp&quot;,&quot;_animation_delay&quot;:400}\" data-widget_type=\"text-editor.default\">\n\t\t\t\t\t\t\t\t\t<p>Mitten in den sanften H\u00fcgeln der S\u00fcdsteiermark treffen Wein, Gastfreundschaft und Urlaub aufeinander \u2013 und bilden ein Ganzes, das Boden, Herkunft und Lebensfreude verbindet.<\/p>\t\t\t\t\t\t\t\t<\/div>\n\t\t\t\t<\/div>\n\t\t\t\t\t<\/div>\n\t\t\t\t<\/div>\n\t\t<div data-particle_enable=\"false\" data-particle-mobile-disabled=\"false\" class=\"elementor-element elementor-element-6280b48 e-con-full e-flex e-con e-parent\" data-id=\"6280b48\" data-element_type=\"container\" data-e-type=\"container\" data-settings=\"{&quot;background_background&quot;:&quot;classic&quot;,&quot;background_motion_fx_motion_fx_scrolling&quot;:&quot;yes&quot;,&quot;background_motion_fx_translateY_effect&quot;:&quot;yes&quot;,&quot;background_motion_fx_translateY_speed&quot;:{&quot;unit&quot;:&quot;px&quot;,&quot;size&quot;:6,&quot;sizes&quot;:[]},&quot;background_motion_fx_range&quot;:&quot;page&quot;,&quot;animation&quot;:&quot;none&quot;,&quot;background_motion_fx_translateY_affectedRange&quot;:{&quot;unit&quot;:&quot;%&quot;,&quot;size&quot;:&quot;&quot;,&quot;sizes&quot;:{&quot;start&quot;:0,&quot;end&quot;:100}},&quot;background_motion_fx_devices&quot;:[&quot;widescreen&quot;,&quot;desktop&quot;,&quot;laptop&quot;,&quot;tablet_extra&quot;,&quot;tablet&quot;,&quot;mobile_extra&quot;,&quot;mobile&quot;]}\">\n\t\t\t\t<\/div>\n\t\t<div data-particle_enable=\"false\" data-particle-mobile-disabled=\"false\" class=\"elementor-element elementor-element-b5cb1e8 e-flex e-con-boxed e-con e-parent\" data-id=\"b5cb1e8\" data-element_type=\"container\" data-e-type=\"container\" data-settings=\"{&quot;background_background&quot;:&quot;classic&quot;}\">\n\t\t\t\t\t<div class=\"e-con-inner\">\n\t\t\t\t<div class=\"elementor-element elementor-element-b24e893 elementor-widget elementor-widget-heading\" data-id=\"b24e893\" data-element_type=\"widget\" data-e-type=\"widget\" data-settings=\"{&quot;_animation_widescreen&quot;:&quot;none&quot;}\" data-widget_type=\"heading.default\">\n\t\t\t\t\t<h4 class=\"elementor-heading-title elementor-size-default\">Charakter statt Chichi<\/h4>\t\t\t\t<\/div>\n\t\t\t\t<div class=\"elementor-element elementor-element-adf3cea elementor-widget elementor-widget-text-editor\" data-id=\"adf3cea\" data-element_type=\"widget\" data-e-type=\"widget\" data-settings=\"{&quot;_animation_widescreen&quot;:&quot;none&quot;}\" data-widget_type=\"text-editor.default\">\n\t\t\t\t\t\t\t\t\t<p>Down-to-earth, passionate, authentic \u2014 these wines carry the signature of the region. Sand, gravel, and opok give them depth, diversity, and unmistakable character. <\/p>\t\t\t\t\t\t\t\t<\/div>\n\t\t\t\t<div class=\"elementor-element elementor-element-4f1ef0a elementor-widget elementor-widget-heading\" data-id=\"4f1ef0a\" data-element_type=\"widget\" data-e-type=\"widget\" data-settings=\"{&quot;_animation_widescreen&quot;:&quot;none&quot;}\" data-widget_type=\"heading.default\">\n\t\t\t\t\t<h4 class=\"elementor-heading-title elementor-size-default\">In harmony, not in a hurry<\/h4>\t\t\t\t<\/div>\n\t\t\t\t<div class=\"elementor-element elementor-element-6a04c71 elementor-widget elementor-widget-text-editor\" data-id=\"6a04c71\" data-element_type=\"widget\" data-e-type=\"widget\" data-widget_type=\"text-editor.default\">\n\t\t\t\t\t\t\t\t\t<p>Sustainability here isn\u2019t a buzzword \u2014 it\u2019s a mindset. Cover crops, healthy soils, and respectful work are the foundation of every vintage. The family\u2019s own red deer on the estate is part of that same philosophy: experiencing nature, treating it with respect, and preserving diversity.  <\/p>\t\t\t\t\t\t\t\t<\/div>\n\t\t\t\t<div class=\"elementor-element elementor-element-17914ae elementor-widget elementor-widget-heading\" data-id=\"17914ae\" data-element_type=\"widget\" data-e-type=\"widget\" data-settings=\"{&quot;_animation_widescreen&quot;:&quot;none&quot;}\" data-widget_type=\"heading.default\">\n\t\t\t\t\t<h4 class=\"elementor-heading-title elementor-size-default\">Enjoyment that lasts<\/h4>\t\t\t\t<\/div>\n\t\t\t\t<div class=\"elementor-element elementor-element-b14c57c elementor-widget elementor-widget-text-editor\" data-id=\"b14c57c\" data-element_type=\"widget\" data-e-type=\"widget\" data-widget_type=\"text-editor.default\">\n\t\t\t\t\t\t\t\t\t<p>Every step in the vineyard is aimed at creating wines that endure \u2014 for today and for the generations to come.<\/p>\t\t\t\t\t\t\t\t<\/div>\n\t\t\t\t<div class=\"elementor-element elementor-element-712c391 elementor-align-center elementor-invisible elementor-widget elementor-widget-button\" data-id=\"712c391\" data-element_type=\"widget\" data-e-type=\"widget\" data-settings=\"{&quot;_animation&quot;:&quot;fadeInUp&quot;,&quot;_animation_delay&quot;:400}\" data-widget_type=\"button.default\">\n\t\t\t\t\t\t\t\t\t\t<a class=\"elementor-button elementor-button-link elementor-size-sm\" href=\"http:\/\/weingut-dillinger.at\/\">\n\t\t\t\t\t\t<span class=\"elementor-button-content-wrapper\">\n\t\t\t\t\t\t\t\t\t<span class=\"elementor-button-text\">DISCOVER OUR WINERY<\/span>\n\t\t\t\t\t<\/span>\n\t\t\t\t\t<\/a>\n\t\t\t\t\t\t\t\t<\/div>\n\t\t\t\t\t<\/div>\n\t\t\t\t<\/div>\n\t\t<div data-particle_enable=\"false\" data-particle-mobile-disabled=\"false\" class=\"elementor-element elementor-element-381fe05 e-flex e-con-boxed e-con e-parent\" data-id=\"381fe05\" data-element_type=\"container\" data-e-type=\"container\" data-settings=\"{&quot;background_background&quot;:&quot;classic&quot;}\">\n\t\t\t\t\t<div class=\"e-con-inner\">\n\t\t\t\t<div class=\"elementor-element elementor-element-55066e2 elementor-widget elementor-widget-gallery\" data-id=\"55066e2\" data-element_type=\"widget\" data-e-type=\"widget\" data-settings=\"{&quot;columns&quot;:3,&quot;columns_tablet&quot;:3,&quot;columns_mobile_extra&quot;:3,&quot;gap&quot;:{&quot;unit&quot;:&quot;px&quot;,&quot;size&quot;:50,&quot;sizes&quot;:[]},&quot;aspect_ratio&quot;:&quot;9:16&quot;,&quot;lazyload&quot;:&quot;yes&quot;,&quot;gallery_layout&quot;:&quot;grid&quot;,&quot;columns_mobile&quot;:1,&quot;gap_widescreen&quot;:{&quot;unit&quot;:&quot;px&quot;,&quot;size&quot;:&quot;&quot;,&quot;sizes&quot;:[]},&quot;gap_laptop&quot;:{&quot;unit&quot;:&quot;px&quot;,&quot;size&quot;:10,&quot;sizes&quot;:[]},&quot;gap_tablet_extra&quot;:{&quot;unit&quot;:&quot;px&quot;,&quot;size&quot;:10,&quot;sizes&quot;:[]},&quot;gap_tablet&quot;:{&quot;unit&quot;:&quot;px&quot;,&quot;size&quot;:10,&quot;sizes&quot;:[]},&quot;gap_mobile_extra&quot;:{&quot;unit&quot;:&quot;px&quot;,&quot;size&quot;:10,&quot;sizes&quot;:[]},&quot;gap_mobile&quot;:{&quot;unit&quot;:&quot;px&quot;,&quot;size&quot;:10,&quot;sizes&quot;:[]},&quot;link_to&quot;:&quot;file&quot;,&quot;overlay_background&quot;:&quot;yes&quot;,&quot;content_hover_animation&quot;:&quot;fade-in&quot;}\" data-widget_type=\"gallery.default\">\n\t\t\t\t\t\t\t<div class=\"elementor-gallery__container\">\n\t\t\t\t\t\t\t<a class=\"e-gallery-item elementor-gallery-item elementor-animated-content\" href=\"https:\/\/www.sieme-weingueter.at\/wp-content\/uploads\/Simon-Fortmueller-2.jpg\" data-elementor-open-lightbox=\"yes\" data-elementor-lightbox-slideshow=\"55066e2\" data-elementor-lightbox-title=\"Simon Fortmu\u0308ller-2\" data-e-action-hash=\"#elementor-action%3Aaction%3Dlightbox%26settings%3DeyJpZCI6MzA2NywidXJsIjoiaHR0cHM6XC9cL3d3dy5zaWVtZS13ZWluZ3VldGVyLmF0XC93cC1jb250ZW50XC91cGxvYWRzXC9TaW1vbi1Gb3J0bXVlbGxlci0yLmpwZyIsInNsaWRlc2hvdyI6IjU1MDY2ZTIifQ%3D%3D\">\n\t\t\t\t\t<div class=\"e-gallery-image elementor-gallery-item__image\" data-thumbnail=\"https:\/\/www.sieme-weingueter.at\/wp-content\/uploads\/Simon-Fortmueller-2-683x1024.jpg\" data-width=\"683\" data-height=\"1024\" aria-label=\"Simon fortmu\u0308ller 2\" role=\"img\" ><\/div>\n\t\t\t\t\t\t\t\t\t\t\t<div class=\"elementor-gallery-item__overlay\"><\/div>\n\t\t\t\t\t\t\t\t\t\t\t\t\t\t<\/a>\n\t\t\t\t\t\t\t<a class=\"e-gallery-item elementor-gallery-item elementor-animated-content\" href=\"https:\/\/www.sieme-weingueter.at\/wp-content\/uploads\/Sabathihof-Dillinger-Simon-Fortmueller-134_WEB.jpg\" data-elementor-open-lightbox=\"yes\" data-elementor-lightbox-slideshow=\"55066e2\" data-elementor-lightbox-title=\"Sabathihof-Dillinger---Simon-Fortm\u00fcller-134_WEB\" data-e-action-hash=\"#elementor-action%3Aaction%3Dlightbox%26settings%3DeyJpZCI6MzA2OCwidXJsIjoiaHR0cHM6XC9cL3d3dy5zaWVtZS13ZWluZ3VldGVyLmF0XC93cC1jb250ZW50XC91cGxvYWRzXC9TYWJhdGhpaG9mLURpbGxpbmdlci1TaW1vbi1Gb3J0bXVlbGxlci0xMzRfV0VCLmpwZyIsInNsaWRlc2hvdyI6IjU1MDY2ZTIifQ%3D%3D\">\n\t\t\t\t\t<div class=\"e-gallery-image elementor-gallery-item__image\" data-thumbnail=\"https:\/\/www.sieme-weingueter.at\/wp-content\/uploads\/Sabathihof-Dillinger-Simon-Fortmueller-134_WEB-683x1024.jpg\" data-width=\"683\" data-height=\"1024\" aria-label=\"Sabathihof dillinger simon fortm\u00fcller 134 web\" role=\"img\" ><\/div>\n\t\t\t\t\t\t\t\t\t\t\t<div class=\"elementor-gallery-item__overlay\"><\/div>\n\t\t\t\t\t\t\t\t\t\t\t\t\t\t<\/a>\n\t\t\t\t\t\t\t<a class=\"e-gallery-item elementor-gallery-item elementor-animated-content\" href=\"https:\/\/www.sieme-weingueter.at\/wp-content\/uploads\/Sabathihof-Dillinger-Simon-Fortmueller-232.jpg\" data-elementor-open-lightbox=\"yes\" data-elementor-lightbox-slideshow=\"55066e2\" data-elementor-lightbox-title=\"Sabathihof Dillinger - Simon Fortmu\u0308ller-232\" data-e-action-hash=\"#elementor-action%3Aaction%3Dlightbox%26settings%3DeyJpZCI6MzA2OSwidXJsIjoiaHR0cHM6XC9cL3d3dy5zaWVtZS13ZWluZ3VldGVyLmF0XC93cC1jb250ZW50XC91cGxvYWRzXC9TYWJhdGhpaG9mLURpbGxpbmdlci1TaW1vbi1Gb3J0bXVlbGxlci0yMzIuanBnIiwic2xpZGVzaG93IjoiNTUwNjZlMiJ9\">\n\t\t\t\t\t<div class=\"e-gallery-image elementor-gallery-item__image\" data-thumbnail=\"https:\/\/www.sieme-weingueter.at\/wp-content\/uploads\/Sabathihof-Dillinger-Simon-Fortmueller-232-1024x683.jpg\" data-width=\"800\" data-height=\"534\" aria-label=\"Sabathihof dillinger simon fortmu\u0308ller 232\" role=\"img\" ><\/div>\n\t\t\t\t\t\t\t\t\t\t\t<div class=\"elementor-gallery-item__overlay\"><\/div>\n\t\t\t\t\t\t\t\t\t\t\t\t\t\t<\/a>\n\t\t\t\t\t<\/div>\n\t\t\t\t\t<\/div>\n\t\t\t\t\t<\/div>\n\t\t\t\t<\/div>\n\t\t<div data-particle_enable=\"false\" data-particle-mobile-disabled=\"false\" class=\"elementor-element elementor-element-c1549f1 e-flex e-con-boxed e-con e-parent\" data-id=\"c1549f1\" data-element_type=\"container\" data-e-type=\"container\" data-settings=\"{&quot;background_background&quot;:&quot;classic&quot;}\">\n\t\t\t\t\t<div class=\"e-con-inner\">\n\t\t\t\t<div class=\"elementor-element elementor-element-bc16f4c elementor-widget elementor-widget-heading\" data-id=\"bc16f4c\" data-element_type=\"widget\" data-e-type=\"widget\" data-settings=\"{&quot;_animation_widescreen&quot;:&quot;none&quot;}\" data-widget_type=\"heading.default\">\n\t\t\t\t\t<h4 class=\"elementor-heading-title elementor-size-default\">Dillinger Winery<\/h4>\t\t\t\t<\/div>\n\t\t\t\t<div class=\"elementor-element elementor-element-65bf4c3 elementor-widget elementor-widget-heading\" data-id=\"65bf4c3\" data-element_type=\"widget\" data-e-type=\"widget\" data-settings=\"{&quot;_animation_widescreen&quot;:&quot;none&quot;}\" data-widget_type=\"heading.default\">\n\t\t\t\t\t<h4 class=\"elementor-heading-title elementor-size-default\">P\u00f6ssnitz 81, A-8463 Glanz an der Weinstra\u00dfe<\/h4>\t\t\t\t<\/div>\n\t\t\t\t<div class=\"elementor-element elementor-element-b950a2c elementor-widget elementor-widget-heading\" data-id=\"b950a2c\" data-element_type=\"widget\" data-e-type=\"widget\" data-settings=\"{&quot;_animation_widescreen&quot;:&quot;none&quot;}\" data-widget_type=\"heading.default\">\n\t\t\t\t\t<h4 class=\"elementor-heading-title elementor-size-default\"><a href=\"mailto:familie@sabathihof.com\">familie@sabathihof.com\n<\/a><\/h4>\t\t\t\t<\/div>\n\t\t\t\t<div class=\"elementor-element elementor-element-5dbd910 elementor-widget elementor-widget-heading\" data-id=\"5dbd910\" data-element_type=\"widget\" data-e-type=\"widget\" data-settings=\"{&quot;_animation_widescreen&quot;:&quot;none&quot;}\" data-widget_type=\"heading.default\">\n\t\t\t\t\t<h4 class=\"elementor-heading-title elementor-size-default\"><a href=\"tel:00433454495\">+43 3454 495\n<\/a><\/h4>\t\t\t\t<\/div>\n\t\t\t\t<div class=\"elementor-element elementor-element-dfd5fc7 elementor-widget elementor-widget-heading\" data-id=\"dfd5fc7\" data-element_type=\"widget\" data-e-type=\"widget\" data-settings=\"{&quot;_animation_widescreen&quot;:&quot;none&quot;}\" data-widget_type=\"heading.default\">\n\t\t\t\t\t<h4 class=\"elementor-heading-title elementor-size-default\"><a href=\"http:\/\/www.sabathihof.com\" target=\"_blank\">www.sabathihof.com<\/a><\/h4>\t\t\t\t<\/div>\n\t\t\t\t\t<\/div>\n\t\t\t\t<\/div>\n\t\t<div data-particle_enable=\"false\" data-particle-mobile-disabled=\"false\" class=\"elementor-element elementor-element-9c79e5c e-flex e-con-boxed e-con e-parent\" data-id=\"9c79e5c\" data-element_type=\"container\" data-e-type=\"container\" data-settings=\"{&quot;background_background&quot;:&quot;classic&quot;}\">\n\t\t\t\t\t<div class=\"e-con-inner\">\n\t\t\t\t\t<\/div>\n\t\t\t\t<\/div>\n\t\t<div data-particle_enable=\"false\" data-particle-mobile-disabled=\"false\" class=\"elementor-element elementor-element-2b95fe2 e-con-full e-flex e-con e-parent\" data-id=\"2b95fe2\" data-element_type=\"container\" data-e-type=\"container\" data-settings=\"{&quot;background_background&quot;:&quot;classic&quot;}\">\n\t\t\t\t<div class=\"elementor-element elementor-element-f1ed91d elementor-nav-menu__align-center elementor-nav-menu--dropdown-none elementor-widget elementor-widget-nav-menu\" data-id=\"f1ed91d\" data-element_type=\"widget\" data-e-type=\"widget\" data-settings=\"{&quot;layout&quot;:&quot;horizontal&quot;,&quot;submenu_icon&quot;:{&quot;value&quot;:&quot;&lt;svg aria-hidden=\\&quot;true\\&quot; class=\\&quot;e-font-icon-svg e-fas-caret-down\\&quot; viewBox=\\&quot;0 0 320 512\\&quot; xmlns=\\&quot;http:\\\/\\\/www.w3.org\\\/2000\\\/svg\\&quot;&gt;&lt;path d=\\&quot;M31.3 192h257.3c17.8 0 26.7 21.5 14.1 34.1L174.1 354.8c-7.8 7.8-20.5 7.8-28.3 0L17.2 226.1C4.6 213.5 13.5 192 31.3 192z\\&quot;&gt;&lt;\\\/path&gt;&lt;\\\/svg&gt;&quot;,&quot;library&quot;:&quot;fa-solid&quot;}}\" data-widget_type=\"nav-menu.default\">\n\t\t\t\t\t\t\t\t<nav aria-label=\"Men\u00fc\" class=\"elementor-nav-menu--main elementor-nav-menu__container elementor-nav-menu--layout-horizontal e--pointer-none\">\n\t\t\t\t<ul id=\"menu-1-f1ed91d\" class=\"elementor-nav-menu\"><li class=\"menu-item menu-item-type-post_type menu-item-object-page menu-item-107\"><a href=\"https:\/\/www.sieme-weingueter.at\/weingueter\/adam-lieleg\/\" class=\"elementor-item\">Adam-Lieleg<\/a><\/li>\n<li class=\"menu-item menu-item-type-post_type menu-item-object-page menu-item-109\"><a href=\"https:\/\/www.sieme-weingueter.at\/weingueter\/assigal\/\" class=\"elementor-item\">Assigal<\/a><\/li>\n<li class=\"menu-item menu-item-type-post_type menu-item-object-page menu-item-108\"><a href=\"https:\/\/www.sieme-weingueter.at\/weingueter\/dillinger\/\" class=\"elementor-item\">Dillinger<\/a><\/li>\n<li class=\"menu-item menu-item-type-post_type menu-item-object-page menu-item-106\"><a href=\"https:\/\/www.sieme-weingueter.at\/weingueter\/oberer-germuth\/\" class=\"elementor-item\">Oberer Germuth<\/a><\/li>\n<li class=\"menu-item menu-item-type-post_type menu-item-object-page menu-item-111\"><a href=\"https:\/\/www.sieme-weingueter.at\/weingueter\/pichler-schober\/\" class=\"elementor-item\">Pichler-Schober<\/a><\/li>\n<li class=\"menu-item menu-item-type-post_type menu-item-object-page menu-item-105\"><a href=\"https:\/\/www.sieme-weingueter.at\/weingueter\/f-s-regele\/\" class=\"elementor-item\">F.&amp;S. Regele<\/a><\/li>\n<li class=\"menu-item menu-item-type-post_type menu-item-object-page menu-item-110\"><a href=\"https:\/\/www.sieme-weingueter.at\/weingueter\/tschermonegg\/\" class=\"elementor-item\">Tschermonegg<\/a><\/li>\n<\/ul>\t\t\t<\/nav>\n\t\t\t\t\t\t<nav class=\"elementor-nav-menu--dropdown elementor-nav-menu__container\" aria-hidden=\"true\">\n\t\t\t\t<ul id=\"menu-2-f1ed91d\" class=\"elementor-nav-menu\"><li class=\"menu-item menu-item-type-post_type menu-item-object-page menu-item-107\"><a href=\"https:\/\/www.sieme-weingueter.at\/weingueter\/adam-lieleg\/\" class=\"elementor-item\" tabindex=\"-1\">Adam-Lieleg<\/a><\/li>\n<li class=\"menu-item menu-item-type-post_type menu-item-object-page menu-item-109\"><a href=\"https:\/\/www.sieme-weingueter.at\/weingueter\/assigal\/\" class=\"elementor-item\" tabindex=\"-1\">Assigal<\/a><\/li>\n<li class=\"menu-item menu-item-type-post_type menu-item-object-page menu-item-108\"><a href=\"https:\/\/www.sieme-weingueter.at\/weingueter\/dillinger\/\" class=\"elementor-item\" tabindex=\"-1\">Dillinger<\/a><\/li>\n<li class=\"menu-item menu-item-type-post_type menu-item-object-page menu-item-106\"><a href=\"https:\/\/www.sieme-weingueter.at\/weingueter\/oberer-germuth\/\" class=\"elementor-item\" tabindex=\"-1\">Oberer Germuth<\/a><\/li>\n<li class=\"menu-item menu-item-type-post_type menu-item-object-page menu-item-111\"><a href=\"https:\/\/www.sieme-weingueter.at\/weingueter\/pichler-schober\/\" class=\"elementor-item\" tabindex=\"-1\">Pichler-Schober<\/a><\/li>\n<li class=\"menu-item menu-item-type-post_type menu-item-object-page menu-item-105\"><a href=\"https:\/\/www.sieme-weingueter.at\/weingueter\/f-s-regele\/\" class=\"elementor-item\" tabindex=\"-1\">F.&amp;S. Regele<\/a><\/li>\n<li class=\"menu-item menu-item-type-post_type menu-item-object-page menu-item-110\"><a href=\"https:\/\/www.sieme-weingueter.at\/weingueter\/tschermonegg\/\" class=\"elementor-item\" tabindex=\"-1\">Tschermonegg<\/a><\/li>\n<\/ul>\t\t\t<\/nav>\n\t\t\t\t\t\t<\/div>\n\t\t\t\t<\/div>\n\t\t\t\t<\/div>\n\t\t","protected":false},"excerpt":{"rendered":"<p>Winery Geschmack mit Klartext Mitten in den sanften H\u00fcgeln der S\u00fcdsteiermark treffen Wein, Gastfreundschaft und Urlaub aufeinander \u2013 und bilden ein Ganzes, das Boden, Herkunft und Lebensfreude verbindet. Charakter statt Chichi Down-to-earth, passionate, authentic \u2014 these wines carry the signature of the region. Sand, gravel, and opok give them depth, diversity, and unmistakable character. In [&hellip;]<\/p>\n","protected":false},"author":1,"featured_media":0,"parent":3042,"menu_order":0,"comment_status":"closed","ping_status":"closed","template":"","meta":{"_acf_changed":false,"slim_seo":{"title":"Dillinger - SIEME Weing\u00fcter","description":"Winery Geschmack mit Klartext Mitten in den sanften H\u00fcgeln der S\u00fcdsteiermark treffen Wein, Gastfreundschaft und Urlaub aufeinander \u2013 und bilden ein Ganzes, das"},"footnotes":""},"class_list":["post-3070","page","type-page","status-publish","hentry"],"acf":[],"_links":{"self":[{"href":"https:\/\/www.sieme-weingueter.at\/en\/wp-json\/wp\/v2\/pages\/3070","targetHints":{"allow":["GET"]}}],"collection":[{"href":"https:\/\/www.sieme-weingueter.at\/en\/wp-json\/wp\/v2\/pages"}],"about":[{"href":"https:\/\/www.sieme-weingueter.at\/en\/wp-json\/wp\/v2\/types\/page"}],"author":[{"embeddable":true,"href":"https:\/\/www.sieme-weingueter.at\/en\/wp-json\/wp\/v2\/users\/1"}],"replies":[{"embeddable":true,"href":"https:\/\/www.sieme-weingueter.at\/en\/wp-json\/wp\/v2\/comments?post=3070"}],"version-history":[{"count":0,"href":"https:\/\/www.sieme-weingueter.at\/en\/wp-json\/wp\/v2\/pages\/3070\/revisions"}],"up":[{"embeddable":true,"href":"https:\/\/www.sieme-weingueter.at\/en\/wp-json\/wp\/v2\/pages\/3042"}],"wp:attachment":[{"href":"https:\/\/www.sieme-weingueter.at\/en\/wp-json\/wp\/v2\/media?parent=3070"}],"curies":[{"name":"wp","href":"https:\/\/api.w.org\/{rel}","templated":true}]}}