{"id":3185,"date":"2025-07-09T09:08:10","date_gmt":"2025-07-09T07:08:10","guid":{"rendered":"https:\/\/www.sieme-weingueter.at\/imprint\/"},"modified":"2025-12-01T09:27:14","modified_gmt":"2025-12-01T08:27:14","slug":"imprint","status":"publish","type":"page","link":"https:\/\/www.sieme-weingueter.at\/en\/imprint\/","title":{"rendered":"Imprint"},"content":{"rendered":"\t\t<div data-elementor-type=\"wp-page\" data-elementor-id=\"3185\" class=\"elementor elementor-3185 elementor-309\" data-elementor-post-type=\"page\">\n\t\t\t\t<div data-particle_enable=\"false\" data-particle-mobile-disabled=\"false\" class=\"elementor-element elementor-element-0fb96e0 e-flex e-con-boxed e-con e-parent\" data-id=\"0fb96e0\" data-element_type=\"container\" data-e-type=\"container\">\n\t\t\t\t\t<div class=\"e-con-inner\">\n\t\t\t\t<div class=\"elementor-element elementor-element-26b32cd elementor-widget elementor-widget-text-editor\" data-id=\"26b32cd\" data-element_type=\"widget\" data-e-type=\"widget\" data-widget_type=\"text-editor.default\">\n\t\t\t\t\t\t\t\t\t<h1>Imprint<\/h1><div class=\"has_ae_slider elementor-element elementor-element-34a0a4b animated-slow e-flex e-con-boxed ae-bg-gallery-type-default e-con e-parent e-lazyloaded\" data-id=\"34a0a4b\" data-element_type=\"container\" data-settings=\"{\"background_background\":\"video\",\"motion_fx_motion_fx_scrolling\":\"yes\",\"animation\":\"none\",\"animation_delay\":2000,\"motion_fx_devices\":[\"desktop\",\"laptop\",\"tablet_extra\",\"tablet\",\"mobile_extra\",\"mobile\"]}\"><div class=\"e-con-inner\"><div class=\"elementor-element elementor-element-df6e9ea elementor-widget__width-initial animated-slow elementor-widget elementor-widget-text-editor animated fadeInUp\" data-id=\"df6e9ea\" data-element_type=\"widget\" data-settings=\"{\"_animation\":\"fadeInUp\"}\" data-widget_type=\"text-editor.default\"><div class=\"elementor-widget-container\"><p>Mandatory information pursuant to \u00a75 E-Commerce Act, \u00a714 Austrian Commercial Code, \u00a763 Trade Regulation Act, and disclosure obligations pursuant to \u00a725 Media Act.<\/p><\/div><\/div><\/div><\/div>\t\t\t\t\t\t\t\t<\/div>\n\t\t\t\t\t<\/div>\n\t\t\t\t<\/div>\n\t\t<div data-particle_enable=\"false\" data-particle-mobile-disabled=\"false\" class=\"elementor-element elementor-element-e2f1b8f e-flex e-con-boxed e-con e-parent\" data-id=\"e2f1b8f\" data-element_type=\"container\" data-e-type=\"container\">\n\t\t\t\t\t<div class=\"e-con-inner\">\n\t\t<div data-particle_enable=\"false\" data-particle-mobile-disabled=\"false\" class=\"elementor-element elementor-element-8c8cdf4 e-con-full e-flex e-con e-child\" data-id=\"8c8cdf4\" data-element_type=\"container\" data-e-type=\"container\">\n\t\t\t\t<div class=\"elementor-element elementor-element-cc02ea4 elementor-widget elementor-widget-text-editor\" data-id=\"cc02ea4\" data-element_type=\"widget\" data-e-type=\"widget\" data-widget_type=\"text-editor.default\">\n\t\t\t\t\t\t\t\t\t<h2>Website OwneWebseiteninhaber<\/h2><p><b>Verein <\/b><b>SIEME Weing\u00fcter<br><\/b>Glanzer Kellerstra\u00dfe 34<br>A-8463 Leutschach an der Weinstra\u00dfe<br>UID Nummer: ATU71867704<br>ZVR-Zahl: 192192129<\/p><p><b>Weingut Adam-Lieleg<br><\/b>A-8463 Leutschach an der Weinstra\u00dfe<br>Kranach 78A<br>T+F +43 3454 6115<\/p><p><b>Weingut Assigal<br><\/b>A-8430 Leibnitz<br>Karnerweg 3<br>T +43 3452 86811<\/p><p><b>Sabathihof Dillinger<br><\/b>A-8463 Leutschach an der Weinstra\u00dfe<br>P\u00f6ssnitz 81<br>T +43 3454 495<\/p><p><b>Familienweingut Oberer Germuth<br><\/b>A-8463 Leutschach an der Weinstra\u00dfe<br>Glanzer Kellerstra\u00dfe 34<br>T +43 3454 67340<\/p><p><b>Weingut Tschermonegg<br><\/b>A-8463 Leutschach an der Weinstra\u00dfe<br>Glanz an der Weinstra\u00dfe 50<br>T +43 3454 326<\/p><p><b>Weingut Pichler-Schober<br><\/b>A-8505 St. Nikolai im Sausal<br>Mitteregg 26<br>T +43 3456 3471<\/p><p><b>Regele GesmbH &amp; Co KG<br><\/b>A-8461 Ehrenhausen<br>Ewitsch 24<br>T +43 3453 2426-0<\/p>\t\t\t\t\t\t\t\t<\/div>\n\t\t\t\t<\/div>\n\t\t<div data-particle_enable=\"false\" data-particle-mobile-disabled=\"false\" class=\"elementor-element elementor-element-4723264 e-con-full e-flex e-con e-child\" data-id=\"4723264\" data-element_type=\"container\" data-e-type=\"container\">\n\t\t\t\t<div class=\"elementor-element elementor-element-8398644 elementor-widget elementor-widget-text-editor\" data-id=\"8398644\" data-element_type=\"widget\" data-e-type=\"widget\" data-widget_type=\"text-editor.default\">\n\t\t\t\t\t\t\t\t\t<h2>Legal Notice<\/h2>\t\t\t\t\t\t\t\t<\/div>\n\t\t\t\t<div class=\"elementor-element elementor-element-739b808 elementor-widget elementor-widget-n-accordion\" data-id=\"739b808\" data-element_type=\"widget\" data-e-type=\"widget\" data-settings=\"{&quot;default_state&quot;:&quot;all_collapsed&quot;,&quot;max_items_expended&quot;:&quot;one&quot;,&quot;n_accordion_animation_duration&quot;:{&quot;unit&quot;:&quot;ms&quot;,&quot;size&quot;:400,&quot;sizes&quot;:[]}}\" data-widget_type=\"nested-accordion.default\">\n\t\t\t\t\t\t\t<div class=\"e-n-accordion\" aria-label=\"Accordion. Open links with Enter or Space, close with Escape, and navigate with Arrow Keys\">\n\t\t\t\t\t\t<details id=\"e-n-accordion-item-1210\" class=\"e-n-accordion-item\" >\n\t\t\t\t<summary class=\"e-n-accordion-item-title\" data-accordion-index=\"1\" tabindex=\"0\" aria-expanded=\"false\" aria-controls=\"e-n-accordion-item-1210\" >\n\t\t\t\t\t<span class='e-n-accordion-item-title-header'><div class=\"e-n-accordion-item-title-text\"> Liability for the content of this website <\/div><\/span>\n\t\t\t\t\t\t\t<span class='e-n-accordion-item-title-icon'>\n\t\t\t<span class='e-opened' ><svg aria-hidden=\"true\" class=\"e-font-icon-svg e-fas-minus\" viewBox=\"0 0 448 512\" xmlns=\"http:\/\/www.w3.org\/2000\/svg\"><path d=\"M416 208H32c-17.67 0-32 14.33-32 32v32c0 17.67 14.33 32 32 32h384c17.67 0 32-14.33 32-32v-32c0-17.67-14.33-32-32-32z\"><\/path><\/svg><\/span>\n\t\t\t<span class='e-closed'><svg aria-hidden=\"true\" class=\"e-font-icon-svg e-fas-plus\" viewBox=\"0 0 448 512\" xmlns=\"http:\/\/www.w3.org\/2000\/svg\"><path d=\"M416 208H272V64c0-17.67-14.33-32-32-32h-32c-17.67 0-32 14.33-32 32v144H32c-17.67 0-32 14.33-32 32v32c0 17.67 14.33 32 32 32h144v144c0 17.67 14.33 32 32 32h32c17.67 0 32-14.33 32-32V304h144c17.67 0 32-14.33 32-32v-32c0-17.67-14.33-32-32-32z\"><\/path><\/svg><\/span>\n\t\t<\/span>\n\n\t\t\t\t\t\t<\/summary>\n\t\t\t\t<div data-particle_enable=\"false\" data-particle-mobile-disabled=\"false\" role=\"region\" aria-labelledby=\"e-n-accordion-item-1210\" class=\"elementor-element elementor-element-037622f e-con-full e-flex e-con e-child\" data-id=\"037622f\" data-element_type=\"container\" data-e-type=\"container\">\n\t\t\t\t<div class=\"elementor-element elementor-element-9c53d53 elementor-widget elementor-widget-text-editor\" data-id=\"9c53d53\" data-element_type=\"widget\" data-e-type=\"widget\" data-widget_type=\"text-editor.default\">\n\t\t\t\t\t\t\t\t\t<div class=\"elementor-toggle-item\"><div id=\"elementor-tab-content-1732\" class=\"elementor-tab-content elementor-clearfix elementor-active\" role=\"region\" data-tab=\"2\" aria-labelledby=\"elementor-tab-title-1732\"><p>We make every effort to continuously update the content of our website and to provide accurate and up-to-date information. Despite our careful review, we cannot guarantee the completeness, accuracy, or timeliness of all content published on this website \u2014 particularly information provided by third parties. Therefore, we assume no liability for any errors or omissions.<br>If you notice any content that is concerning, incorrect, or unlawful, we kindly ask you to inform us immediately. You will find our contact details in the imprint.    <\/p><\/div><\/div><div class=\"elementor-toggle-item\"> <\/div>\t\t\t\t\t\t\t\t<\/div>\n\t\t\t\t<\/div>\n\t\t\t\t\t<\/details>\n\t\t\t\t\t\t<details id=\"e-n-accordion-item-1211\" class=\"e-n-accordion-item\" >\n\t\t\t\t<summary class=\"e-n-accordion-item-title\" data-accordion-index=\"2\" tabindex=\"-1\" aria-expanded=\"false\" aria-controls=\"e-n-accordion-item-1211\" >\n\t\t\t\t\t<span class='e-n-accordion-item-title-header'><div class=\"e-n-accordion-item-title-text\"> Liability for links on this website <\/div><\/span>\n\t\t\t\t\t\t\t<span class='e-n-accordion-item-title-icon'>\n\t\t\t<span class='e-opened' ><svg aria-hidden=\"true\" class=\"e-font-icon-svg e-fas-minus\" viewBox=\"0 0 448 512\" xmlns=\"http:\/\/www.w3.org\/2000\/svg\"><path d=\"M416 208H32c-17.67 0-32 14.33-32 32v32c0 17.67 14.33 32 32 32h384c17.67 0 32-14.33 32-32v-32c0-17.67-14.33-32-32-32z\"><\/path><\/svg><\/span>\n\t\t\t<span class='e-closed'><svg aria-hidden=\"true\" class=\"e-font-icon-svg e-fas-plus\" viewBox=\"0 0 448 512\" xmlns=\"http:\/\/www.w3.org\/2000\/svg\"><path d=\"M416 208H272V64c0-17.67-14.33-32-32-32h-32c-17.67 0-32 14.33-32 32v144H32c-17.67 0-32 14.33-32 32v32c0 17.67 14.33 32 32 32h144v144c0 17.67 14.33 32 32 32h32c17.67 0 32-14.33 32-32V304h144c17.67 0 32-14.33 32-32v-32c0-17.67-14.33-32-32-32z\"><\/path><\/svg><\/span>\n\t\t<\/span>\n\n\t\t\t\t\t\t<\/summary>\n\t\t\t\t<div data-particle_enable=\"false\" data-particle-mobile-disabled=\"false\" role=\"region\" aria-labelledby=\"e-n-accordion-item-1211\" class=\"elementor-element elementor-element-80c95de e-con-full e-flex e-con e-child\" data-id=\"80c95de\" data-element_type=\"container\" data-e-type=\"container\">\n\t\t\t\t<div class=\"elementor-element elementor-element-27d1b7d elementor-widget elementor-widget-text-editor\" data-id=\"27d1b7d\" data-element_type=\"widget\" data-e-type=\"widget\" data-widget_type=\"text-editor.default\">\n\t\t\t\t\t\t\t\t\t<div class=\"elementor-toggle-item\"><div id=\"elementor-tab-content-1733\" class=\"elementor-tab-content elementor-clearfix elementor-active\" role=\"region\" data-tab=\"3\" aria-labelledby=\"elementor-tab-title-1733\"><p>For content not created directly by us \u2014 particularly contributions from third parties and the content of linked websites \u2014 we cannot assume any liability or responsibility. We make every effort to provide reliable and secure links on our website; however, we are not responsible for the content of external websites.<br>If you notice any links on our site that lead to unlawful or concerning content, we kindly ask you to notify us immediately. You can find our contact details in the imprint.   <\/p><\/div><\/div><div class=\"elementor-toggle-item\"> <\/div>\t\t\t\t\t\t\t\t<\/div>\n\t\t\t\t<\/div>\n\t\t\t\t\t<\/details>\n\t\t\t\t\t\t<details id=\"e-n-accordion-item-1212\" class=\"e-n-accordion-item\" >\n\t\t\t\t<summary class=\"e-n-accordion-item-title\" data-accordion-index=\"3\" tabindex=\"-1\" aria-expanded=\"false\" aria-controls=\"e-n-accordion-item-1212\" >\n\t\t\t\t\t<span class='e-n-accordion-item-title-header'><div class=\"e-n-accordion-item-title-text\"> Copyright Notice <\/div><\/span>\n\t\t\t\t\t\t\t<span class='e-n-accordion-item-title-icon'>\n\t\t\t<span class='e-opened' ><svg aria-hidden=\"true\" class=\"e-font-icon-svg e-fas-minus\" viewBox=\"0 0 448 512\" xmlns=\"http:\/\/www.w3.org\/2000\/svg\"><path d=\"M416 208H32c-17.67 0-32 14.33-32 32v32c0 17.67 14.33 32 32 32h384c17.67 0 32-14.33 32-32v-32c0-17.67-14.33-32-32-32z\"><\/path><\/svg><\/span>\n\t\t\t<span class='e-closed'><svg aria-hidden=\"true\" class=\"e-font-icon-svg e-fas-plus\" viewBox=\"0 0 448 512\" xmlns=\"http:\/\/www.w3.org\/2000\/svg\"><path d=\"M416 208H272V64c0-17.67-14.33-32-32-32h-32c-17.67 0-32 14.33-32 32v144H32c-17.67 0-32 14.33-32 32v32c0 17.67 14.33 32 32 32h144v144c0 17.67 14.33 32 32 32h32c17.67 0 32-14.33 32-32V304h144c17.67 0 32-14.33 32-32v-32c0-17.67-14.33-32-32-32z\"><\/path><\/svg><\/span>\n\t\t<\/span>\n\n\t\t\t\t\t\t<\/summary>\n\t\t\t\t<div data-particle_enable=\"false\" data-particle-mobile-disabled=\"false\" role=\"region\" aria-labelledby=\"e-n-accordion-item-1212\" class=\"elementor-element elementor-element-a604c44 e-con-full e-flex e-con e-child\" data-id=\"a604c44\" data-element_type=\"container\" data-e-type=\"container\">\n\t\t\t\t<div class=\"elementor-element elementor-element-14abcab elementor-widget elementor-widget-text-editor\" data-id=\"14abcab\" data-element_type=\"widget\" data-e-type=\"widget\" data-widget_type=\"text-editor.default\">\n\t\t\t\t\t\t\t\t\t<p>The content on our website \u2014 including texts, images, photos, videos, and the design of the pages \u2014 is protected by copyright law. All rights, particularly with regard to reproduction, distribution, and translation, are reserved.  <\/p><p>We make every effort to protect our copyrights and will take legal action if necessary against any unauthorized use of content from our website. Your understanding and adherence to these legal provisions help preserve the integrity and value of our content. <\/p>\t\t\t\t\t\t\t\t<\/div>\n\t\t\t\t<\/div>\n\t\t\t\t\t<\/details>\n\t\t\t\t\t\t<details id=\"e-n-accordion-item-1213\" class=\"e-n-accordion-item\" >\n\t\t\t\t<summary class=\"e-n-accordion-item-title\" data-accordion-index=\"4\" tabindex=\"-1\" aria-expanded=\"false\" aria-controls=\"e-n-accordion-item-1213\" >\n\t\t\t\t\t<span class='e-n-accordion-item-title-header'><div class=\"e-n-accordion-item-title-text\"> Image Credits<br> <br> <br> <\/div><\/span>\n\t\t\t\t\t\t\t<span class='e-n-accordion-item-title-icon'>\n\t\t\t<span class='e-opened' ><svg aria-hidden=\"true\" class=\"e-font-icon-svg e-fas-minus\" viewBox=\"0 0 448 512\" xmlns=\"http:\/\/www.w3.org\/2000\/svg\"><path d=\"M416 208H32c-17.67 0-32 14.33-32 32v32c0 17.67 14.33 32 32 32h384c17.67 0 32-14.33 32-32v-32c0-17.67-14.33-32-32-32z\"><\/path><\/svg><\/span>\n\t\t\t<span class='e-closed'><svg aria-hidden=\"true\" class=\"e-font-icon-svg e-fas-plus\" viewBox=\"0 0 448 512\" xmlns=\"http:\/\/www.w3.org\/2000\/svg\"><path d=\"M416 208H272V64c0-17.67-14.33-32-32-32h-32c-17.67 0-32 14.33-32 32v144H32c-17.67 0-32 14.33-32 32v32c0 17.67 14.33 32 32 32h144v144c0 17.67 14.33 32 32 32h32c17.67 0 32-14.33 32-32V304h144c17.67 0 32-14.33 32-32v-32c0-17.67-14.33-32-32-32z\"><\/path><\/svg><\/span>\n\t\t<\/span>\n\n\t\t\t\t\t\t<\/summary>\n\t\t\t\t<div data-particle_enable=\"false\" data-particle-mobile-disabled=\"false\" role=\"region\" aria-labelledby=\"e-n-accordion-item-1213\" class=\"elementor-element elementor-element-bf50c41 e-con-full e-flex e-con e-child\" data-id=\"bf50c41\" data-element_type=\"container\" data-e-type=\"container\">\n\t\t\t\t<div class=\"elementor-element elementor-element-c3f902e elementor-widget elementor-widget-text-editor\" data-id=\"c3f902e\" data-element_type=\"widget\" data-e-type=\"widget\" data-widget_type=\"text-editor.default\">\n\t\t\t\t\t\t\t\t\t<p>The images, photos, and graphics presented on this website are protected by copyright.<\/p><p>The rights to the images are held by the following photographers and companies:<\/p><p>The image rights are held by the following photographers and companies associated with the respective wineries.<br>Cartography\/Wine Map: Werbeagentur geografik, Graz \u2013 <a href=\"http:\/\/www.geografik.at\/\" target=\"_blank\" rel=\"noopener\">www.geografik.at<\/a><\/p>\t\t\t\t\t\t\t\t<\/div>\n\t\t\t\t<\/div>\n\t\t\t\t\t<\/details>\n\t\t\t\t\t<\/div>\n\t\t\t\t\t\t<\/div>\n\t\t\t\t<div class=\"elementor-element elementor-element-3ccaa1c elementor-widget elementor-widget-text-editor\" data-id=\"3ccaa1c\" data-element_type=\"widget\" data-e-type=\"widget\" data-widget_type=\"text-editor.default\">\n\t\t\t\t\t\t\t\t\t<h2>Design<\/h2><p><a href=\"https:\/\/www.puschnegg.at\/\" target=\"_blank\" rel=\"noopener\">Dr. Puschnegg. Brands. Designs. Visions.   <\/a><\/p>\t\t\t\t\t\t\t\t<\/div>\n\t\t\t\t<div class=\"elementor-element elementor-element-db6f566 elementor-widget elementor-widget-text-editor\" data-id=\"db6f566\" data-element_type=\"widget\" data-e-type=\"widget\" data-widget_type=\"text-editor.default\">\n\t\t\t\t\t\t\t\t\t<h2>Technical Implementation<\/h2><p><a href=\"https:\/\/www.netwerker.at\/\" target=\"_blank\" rel=\"noopener\">netWERKER Mediahaus<\/a><\/p><p> <\/p>\t\t\t\t\t\t\t\t<\/div>\n\t\t\t\t<\/div>\n\t\t\t\t\t<\/div>\n\t\t\t\t<\/div>\n\t\t\t\t<\/div>\n\t\t","protected":false},"excerpt":{"rendered":"<p>Imprint Mandatory information pursuant to \u00a75 E-Commerce Act, \u00a714 Austrian Commercial Code, \u00a763 Trade Regulation Act, and disclosure obligations pursuant to \u00a725 Media Act. Website OwneWebseiteninhaber Verein SIEME Weing\u00fcterGlanzer Kellerstra\u00dfe 34A-8463 Leutschach an der Weinstra\u00dfeUID Nummer: ATU71867704ZVR-Zahl: 192192129 Weingut Adam-LielegA-8463 Leutschach an der Weinstra\u00dfeKranach 78AT+F +43 3454 6115 Weingut AssigalA-8430 LeibnitzKarnerweg 3T +43 3452 86811 [&hellip;]<\/p>\n","protected":false},"author":1,"featured_media":0,"parent":0,"menu_order":95,"comment_status":"closed","ping_status":"closed","template":"","meta":{"_acf_changed":false,"slim_seo":{"title":"Imprint - SIEME Weing\u00fcter","description":"Imprint Mandatory information pursuant to \u00a75 E-Commerce Act, \u00a714 Austrian Commercial Code, \u00a763 Trade Regulation Act, and disclosure obligations pursuant to \u00a725"},"footnotes":""},"class_list":["post-3185","page","type-page","status-publish","hentry"],"acf":[],"_links":{"self":[{"href":"https:\/\/www.sieme-weingueter.at\/en\/wp-json\/wp\/v2\/pages\/3185","targetHints":{"allow":["GET"]}}],"collection":[{"href":"https:\/\/www.sieme-weingueter.at\/en\/wp-json\/wp\/v2\/pages"}],"about":[{"href":"https:\/\/www.sieme-weingueter.at\/en\/wp-json\/wp\/v2\/types\/page"}],"author":[{"embeddable":true,"href":"https:\/\/www.sieme-weingueter.at\/en\/wp-json\/wp\/v2\/users\/1"}],"replies":[{"embeddable":true,"href":"https:\/\/www.sieme-weingueter.at\/en\/wp-json\/wp\/v2\/comments?post=3185"}],"version-history":[{"count":0,"href":"https:\/\/www.sieme-weingueter.at\/en\/wp-json\/wp\/v2\/pages\/3185\/revisions"}],"wp:attachment":[{"href":"https:\/\/www.sieme-weingueter.at\/en\/wp-json\/wp\/v2\/media?parent=3185"}],"curies":[{"name":"wp","href":"https:\/\/api.w.org\/{rel}","templated":true}]}}